{"id":6,"date":"2023-10-30T07:24:35","date_gmt":"2023-10-30T07:24:35","guid":{"rendered":"https:\/\/vietmusicstudio.top\/?page_id=6"},"modified":"2025-06-05T02:47:48","modified_gmt":"2025-06-05T02:47:48","slug":"vietmusic-phong-thu-am","status":"publish","type":"page","link":"https:\/\/vietmusicstudio.top\/","title":{"rendered":"Vietmusic &#8211; Ph\u00f2ng thu \u00e2m"},"content":{"rendered":"\n<figure class=\"wp-block-gallery has-nested-images columns-default is-cropped wp-block-gallery-1 is-layout-flex wp-block-gallery-is-layout-flex\">\n<figure class=\"wp-block-image size-full\"><img loading=\"lazy\" decoding=\"async\" width=\"720\" height=\"960\" data-id=\"26\" src=\"https:\/\/vietmusicstudio.top\/wp-content\/uploads\/2023\/10\/phong-thu-am-17.jpg\" alt=\"\" class=\"wp-image-26\" srcset=\"https:\/\/vietmusicstudio.top\/wp-content\/uploads\/2023\/10\/phong-thu-am-17.jpg 720w, https:\/\/vietmusicstudio.top\/wp-content\/uploads\/2023\/10\/phong-thu-am-17-225x300.jpg 225w\" sizes=\"auto, (max-width: 720px) 100vw, 720px\" \/><figcaption class=\"wp-element-caption\">M\u00e0n h\u00ecnh karaoke d\u1ec5 h\u00e1t<\/figcaption><\/figure>\n\n\n\n<figure class=\"wp-block-image size-full\"><img loading=\"lazy\" decoding=\"async\" width=\"750\" height=\"563\" data-id=\"48\" src=\"https:\/\/vietmusicstudio.top\/wp-content\/uploads\/2023\/10\/phong-thu-am-39.jpg\" alt=\"\" class=\"wp-image-48\" srcset=\"https:\/\/vietmusicstudio.top\/wp-content\/uploads\/2023\/10\/phong-thu-am-39.jpg 750w, https:\/\/vietmusicstudio.top\/wp-content\/uploads\/2023\/10\/phong-thu-am-39-300x225.jpg 300w\" sizes=\"auto, (max-width: 750px) 100vw, 750px\" \/><figcaption class=\"wp-element-caption\">\u00c2m thanh \u0111\u1ec9nh<\/figcaption><\/figure>\n\n\n\n<figure class=\"wp-block-image size-large\"><img loading=\"lazy\" decoding=\"async\" width=\"1024\" height=\"768\" data-id=\"52\" src=\"https:\/\/vietmusicstudio.top\/wp-content\/uploads\/2023\/10\/phong-thu-am-43-1024x768.jpg\" alt=\"\" class=\"wp-image-52\" srcset=\"https:\/\/vietmusicstudio.top\/wp-content\/uploads\/2023\/10\/phong-thu-am-43-1024x768.jpg 1024w, https:\/\/vietmusicstudio.top\/wp-content\/uploads\/2023\/10\/phong-thu-am-43-300x225.jpg 300w, https:\/\/vietmusicstudio.top\/wp-content\/uploads\/2023\/10\/phong-thu-am-43-768x576.jpg 768w, https:\/\/vietmusicstudio.top\/wp-content\/uploads\/2023\/10\/phong-thu-am-43-1536x1152.jpg 1536w, https:\/\/vietmusicstudio.top\/wp-content\/uploads\/2023\/10\/phong-thu-am-43.jpg 1932w\" sizes=\"auto, (max-width: 1024px) 100vw, 1024px\" \/><figcaption class=\"wp-element-caption\">\u0110\u1ed9i ng\u0169 chuy\u00ean nghi\u1ec7p<\/figcaption><\/figure>\n<\/figure>\n\n\n\n<p><strong>B\u1ea1n y\u00eau ca h\u00e1t v\u00e0 \u0111am m\u00ea \u00e2m nh\u1ea1c?<\/strong><\/p>\n\n\n\n<p>H\u00e3y \u0111\u1ebfn v\u1edbi ch\u00fang t\u00f4i,\u00a0<strong>VietMusicStudio<\/strong>\u00a0\u0111\u1ea3m b\u1ea3o\u00a0s\u1ebd\u00a0cung c\u1ea5p cho c\u00e1c b\u1ea1n m\u1ed9t d\u1ecbch v\u1ee5 t\u1ed1t nh\u1ea5t v\u1edbi m\u1ee9c gi\u00e1 th\u00e0nh \u01b0u \u0111\u00e3i nh\u1ea5t t\u1ea1i H\u00e0 N\u1ed9i (gi\u00e1 t\u1ed1t nh\u1ea5t t\u1ea1i H\u00e0 N\u1ed9i). Th\u00e0nh l\u1eadp \u0111\u00e3 \u0111\u01b0\u1ee3c 11 n\u0103m(since 2012), ch\u00fang t\u00f4i lu\u00f4n t\u1ef1 h\u00e0o l\u00e0 \u0111\u1ecba ch\u1ec9 tin c\u1eady, nhi\u1ec1u \u01b0u \u0111\u00e3i nh\u1ea5t, ph\u1ee5c v\u1ee5 t\u1eeb ca s\u0129, di\u1ec5n vi\u00ean, sinh vi\u00ean, ng\u01b0\u1eddi \u0111\u00e3 \u0111i l\u00e0m hay h\u1ed9i c\u00e1c c\u00f4 b\u00e1c c\u00e2y cao b\u00f3ng c\u1ea3 c\u00f3 chung ni\u1ec1m \u0111am m\u00ea v\u1edbi \u00e2m nh\u1ea1c.<\/p>\n\n\n\n<p class=\"has-text-align-center\">&#8212; <strong><em>CA KH\u00daC VIETMUSIC K\u1ebeT H\u1ee2P VTV TH\u1ef0C HI\u1ec6N<\/em> &#8212;<\/strong>&#8211;<\/p>\n\n\n\n<figure class=\"wp-block-embed aligncenter is-type-video is-provider-youtube wp-block-embed-youtube wp-embed-aspect-16-9 wp-has-aspect-ratio\"><div class=\"wp-block-embed__wrapper\">\n<iframe loading=\"lazy\" title=\"\u0110\u01b0\u1eddng B\u1ed1n M\u00f9a Xu\u00e2n - Th\u00f9y Linh ft Minh \u0110\u1ee9c - Vietmusic Studio\" width=\"500\" height=\"281\" src=\"https:\/\/www.youtube.com\/embed\/wvQRhmILV-w?feature=oembed\" frameborder=\"0\" allow=\"accelerometer; autoplay; clipboard-write; encrypted-media; gyroscope; picture-in-picture; web-share\" referrerpolicy=\"strict-origin-when-cross-origin\" allowfullscreen><\/iframe>\n<\/div><\/figure>\n\n\n\n<figure class=\"wp-block-image size-full\"><img loading=\"lazy\" decoding=\"async\" width=\"940\" height=\"788\" src=\"https:\/\/vietmusicstudio.top\/wp-content\/uploads\/2025\/06\/Bang-gia-thu-am-2.png\" alt=\"\" class=\"wp-image-96\" srcset=\"https:\/\/vietmusicstudio.top\/wp-content\/uploads\/2025\/06\/Bang-gia-thu-am-2.png 940w, https:\/\/vietmusicstudio.top\/wp-content\/uploads\/2025\/06\/Bang-gia-thu-am-2-300x251.png 300w, https:\/\/vietmusicstudio.top\/wp-content\/uploads\/2025\/06\/Bang-gia-thu-am-2-768x644.png 768w\" sizes=\"auto, (max-width: 940px) 100vw, 940px\" \/><\/figure>\n\n\n\n<p><strong>Khuy\u1ebfn m\u00e3i khi thu nhi\u1ec1u b\u00e0i:<\/strong><\/p>\n\n\n\n<ul class=\"wp-block-list\">\n<li>Thu \u00e2m 3 b\u00e0i gi\u1ea3m c\u00f2n :&nbsp; 260k\/ b\u00e0i<\/li>\n\n\n\n<li>Thu \u00e2m 5 b\u00e0i gi\u1ea3m c\u00f2n :&nbsp; 250k\/ b\u00e0i<\/li>\n\n\n\n<li>Thu \u00e2m 10 b\u00e0i gi\u1ea3m c\u00f2n:&nbsp;240k\/ b\u00e0i<\/li>\n\n\n\n<li>Thu \u00e2m 15 b\u00e0i gi\u1ea3m c\u00f2n:&nbsp;230k\/ b\u00e0i<\/li>\n\n\n\n<li>Thu \u00e2m 20 b\u00e0i gi\u1ea3m c\u00f2n:&nbsp;210k\/ b\u00e0i<\/li>\n\n\n\n<li>Thu \u00e2m 25 b\u00e0i gi\u1ea3m c\u00f2n:&nbsp;<strong>180k\/ b\u00e0i<\/strong><br><em>(C\u00f3 th\u1ec3 g\u1ed9p b\u00e0i c\u1ee7a b\u1ea1n b\u00e8, kh\u00f4ng gi\u1edbi h\u1ea1n ng\u00e0y thu)<\/em><\/li>\n\n\n\n<li>Thu \u00e2m online t\u1ea1i nh\u00e0&nbsp; &nbsp;:&nbsp;150k\/&nbsp;b\u00e0i xem t\u1ea1i \u0111\u00e2y&nbsp;<a href=\"https:\/\/drive.google.com\/file\/d\/1LShSNTDzMyPrJ9Kfa_XN4mPcbBsAvloK\/view?usp=sharing\">-&gt; THU \u00c2M ONLINE<\/a> <\/li>\n<\/ul>\n\n\n\n<blockquote class=\"wp-block-quote has-text-align-center has-vivid-red-color has-luminous-vivid-amber-background-color has-text-color has-background has-link-color wp-elements-06f42f7670dba94308e1faf406ede256 is-layout-flow wp-block-quote-is-layout-flow\">\n<p><\/p>\n<\/blockquote>\n\n\n\n<p><strong>C\u00c1C \u0110\u1ecaA CH\u1ec8 V\u00c0 HOTLINE \u0110\u1eb6T L\u1ecaCH THU \u00c2M:<\/strong><\/p>\n\n\n\n<ul class=\"wp-block-list\">\n<li><strong>\u0110\u1eb6T L\u1ecaCH NHANH ZALO<\/strong>:&nbsp;<a href=\"tel:0334084016\"><strong>0334084016&nbsp;<\/strong><\/a>(Tr\u1ef1c 24\/7)<\/li>\n<\/ul>\n\n\n\n<p><strong>* T\u1ea1i H\u00e0 N\u1ed9i<\/strong><\/p>\n\n\n\n<ul class=\"wp-block-list\">\n<li><strong>1,<\/strong> <strong>Qu\u1eadn Hai B\u00e0 tr\u01b0ng&nbsp;<\/strong>:&nbsp; S\u1ed1 2 ng\u00e1ch 27 ng\u00f5 302 Minh Khai<\/li>\n\n\n\n<li><strong>2, Qu\u1eadn Ho\u00e0n Ki\u1ebfm&nbsp; &nbsp;&nbsp;<\/strong>:&nbsp; S\u1ed1 95 Ph\u1ed1 L\u00fd Th\u01b0\u1eddng Ki\u1ec7t<\/li>\n\n\n\n<li><strong>3, Qu\u1eadn c\u1ea7u Gi\u1ea5y<\/strong>&nbsp; &nbsp; &nbsp; &nbsp;:&nbsp; S\u1ed1 83B Nguy\u1ec5n Khang (t\u1ea7ng 1 l\u00e0 B\u00e1nh Tr\u00e1ng Linh Chi)<\/li>\n\n\n\n<li>=&gt; Hotline \/&nbsp;<em>Zalo<\/em>:&nbsp;<a href=\"tel:0334084016\"><strong>0334084016&nbsp;<\/strong><\/a><strong>&nbsp;<\/strong><\/li>\n\n\n\n<li><strong>C\u00f3 h\u00f3a \u0111\u01a1n VAT<\/strong><\/li>\n\n\n\n<li>Fanpage:&nbsp;<a href=\"https:\/\/www.facebook.com\/profile.php?id=100086557506917\">b\u1ea5m v\u00e0o \u0111\u00e2y<\/a><\/li>\n<\/ul>\n","protected":false},"excerpt":{"rendered":"<p>B\u1ea1n y\u00eau ca h\u00e1t v\u00e0 \u0111am m\u00ea \u00e2m nh\u1ea1c? H\u00e3y \u0111\u1ebfn v\u1edbi ch\u00fang t\u00f4i,\u00a0VietMusicStudio\u00a0\u0111\u1ea3m b\u1ea3o\u00a0s\u1ebd\u00a0cung&hellip;<\/p>\n","protected":false},"author":1,"featured_media":0,"parent":0,"menu_order":0,"comment_status":"closed","ping_status":"closed","template":"","meta":{"footnotes":""},"class_list":["post-6","page","type-page","status-publish","hentry"],"_links":{"self":[{"href":"https:\/\/vietmusicstudio.top\/index.php?rest_route=\/wp\/v2\/pages\/6","targetHints":{"allow":["GET"]}}],"collection":[{"href":"https:\/\/vietmusicstudio.top\/index.php?rest_route=\/wp\/v2\/pages"}],"about":[{"href":"https:\/\/vietmusicstudio.top\/index.php?rest_route=\/wp\/v2\/types\/page"}],"author":[{"embeddable":true,"href":"https:\/\/vietmusicstudio.top\/index.php?rest_route=\/wp\/v2\/users\/1"}],"replies":[{"embeddable":true,"href":"https:\/\/vietmusicstudio.top\/index.php?rest_route=%2Fwp%2Fv2%2Fcomments&post=6"}],"version-history":[{"count":17,"href":"https:\/\/vietmusicstudio.top\/index.php?rest_route=\/wp\/v2\/pages\/6\/revisions"}],"predecessor-version":[{"id":99,"href":"https:\/\/vietmusicstudio.top\/index.php?rest_route=\/wp\/v2\/pages\/6\/revisions\/99"}],"wp:attachment":[{"href":"https:\/\/vietmusicstudio.top\/index.php?rest_route=%2Fwp%2Fv2%2Fmedia&parent=6"}],"curies":[{"name":"wp","href":"https:\/\/api.w.org\/{rel}","templated":true}]}}